{"id":319,"date":"2023-11-19T00:22:37","date_gmt":"2023-11-19T00:22:37","guid":{"rendered":"http:\/\/144.91.121.109\/wordpress\/?page_id=319"},"modified":"2026-01-15T16:42:25","modified_gmt":"2026-01-15T16:42:25","slug":"cronograma","status":"publish","type":"page","link":"https:\/\/integra-te.ourem.pt\/?page_id=319","title":{"rendered":"Cronograma"},"content":{"rendered":"\t\t<div data-elementor-type=\"wp-page\" data-elementor-id=\"319\" class=\"elementor elementor-319\">\n\t\t\t\t\t\t\t<div class=\"elementor-element elementor-element-e99acac e-flex e-con-boxed e-con e-parent\" data-id=\"e99acac\" data-element_type=\"container\" data-settings=\"{&quot;content_width&quot;:&quot;boxed&quot;}\" data-core-v316-plus=\"true\">\n\t\t\t\t\t<div class=\"e-con-inner\">\n\t\t\t\t<div class=\"elementor-element elementor-element-f5025a0 elementor-widget elementor-widget-heading\" data-id=\"f5025a0\" data-element_type=\"widget\" data-widget_type=\"heading.default\">\n\t\t\t\t<div class=\"elementor-widget-container\">\n\t\t\t<style>\/*! elementor - v3.17.0 - 08-11-2023 *\/\n.elementor-heading-title{padding:0;margin:0;line-height:1}.elementor-widget-heading .elementor-heading-title[class*=elementor-size-]>a{color:inherit;font-size:inherit;line-height:inherit}.elementor-widget-heading .elementor-heading-title.elementor-size-small{font-size:15px}.elementor-widget-heading .elementor-heading-title.elementor-size-medium{font-size:19px}.elementor-widget-heading .elementor-heading-title.elementor-size-large{font-size:29px}.elementor-widget-heading .elementor-heading-title.elementor-size-xl{font-size:39px}.elementor-widget-heading .elementor-heading-title.elementor-size-xxl{font-size:59px}<\/style><h2 class=\"elementor-heading-title elementor-size-default\">Outubro<\/h2>\t\t<\/div>\n\t\t\t\t<\/div>\n\t\t\t\t<div class=\"elementor-element elementor-element-b9161a1 elementor-widget elementor-widget-text-editor\" data-id=\"b9161a1\" data-element_type=\"widget\" data-widget_type=\"text-editor.default\">\n\t\t\t\t<div class=\"elementor-widget-container\">\n\t\t\t<style>\/*! elementor - v3.17.0 - 08-11-2023 *\/\n.elementor-widget-text-editor.elementor-drop-cap-view-stacked .elementor-drop-cap{background-color:#69727d;color:#fff}.elementor-widget-text-editor.elementor-drop-cap-view-framed .elementor-drop-cap{color:#69727d;border:3px solid;background-color:transparent}.elementor-widget-text-editor:not(.elementor-drop-cap-view-default) .elementor-drop-cap{margin-top:8px}.elementor-widget-text-editor:not(.elementor-drop-cap-view-default) .elementor-drop-cap-letter{width:1em;height:1em}.elementor-widget-text-editor .elementor-drop-cap{float:left;text-align:center;line-height:1;font-size:50px}.elementor-widget-text-editor .elementor-drop-cap-letter{display:inline-block}<\/style>\t\t\t\t<p>Apresenta\u00e7\u00e3o aos Senhores Diretores Escolares<\/p>\t\t\t\t\t\t<\/div>\n\t\t\t\t<\/div>\n\t\t\t\t<div class=\"elementor-element elementor-element-5303148 elementor-widget elementor-widget-spacer\" data-id=\"5303148\" data-element_type=\"widget\" data-widget_type=\"spacer.default\">\n\t\t\t\t<div class=\"elementor-widget-container\">\n\t\t\t<style>\/*! elementor - v3.17.0 - 08-11-2023 *\/\n.elementor-column .elementor-spacer-inner{height:var(--spacer-size)}.e-con{--container-widget-width:100%}.e-con-inner>.elementor-widget-spacer,.e-con>.elementor-widget-spacer{width:var(--container-widget-width,var(--spacer-size));--align-self:var(--container-widget-align-self,initial);--flex-shrink:0}.e-con-inner>.elementor-widget-spacer>.elementor-widget-container,.e-con>.elementor-widget-spacer>.elementor-widget-container{height:100%;width:100%}.e-con-inner>.elementor-widget-spacer>.elementor-widget-container>.elementor-spacer,.e-con>.elementor-widget-spacer>.elementor-widget-container>.elementor-spacer{height:100%}.e-con-inner>.elementor-widget-spacer>.elementor-widget-container>.elementor-spacer>.elementor-spacer-inner,.e-con>.elementor-widget-spacer>.elementor-widget-container>.elementor-spacer>.elementor-spacer-inner{height:var(--container-widget-height,var(--spacer-size))}.e-con-inner>.elementor-widget-spacer.elementor-widget-empty,.e-con>.elementor-widget-spacer.elementor-widget-empty{position:relative;min-height:22px;min-width:22px}.e-con-inner>.elementor-widget-spacer.elementor-widget-empty .elementor-widget-empty-icon,.e-con>.elementor-widget-spacer.elementor-widget-empty .elementor-widget-empty-icon{position:absolute;top:0;bottom:0;left:0;right:0;margin:auto;padding:0;width:22px;height:22px}<\/style>\t\t<div class=\"elementor-spacer\">\n\t\t\t<div class=\"elementor-spacer-inner\"><\/div>\n\t\t<\/div>\n\t\t\t\t<\/div>\n\t\t\t\t<\/div>\n\t\t\t\t<div class=\"elementor-element elementor-element-d27b46a elementor-widget elementor-widget-heading\" data-id=\"d27b46a\" data-element_type=\"widget\" data-widget_type=\"heading.default\">\n\t\t\t\t<div class=\"elementor-widget-container\">\n\t\t\t<h2 class=\"elementor-heading-title elementor-size-default\">Janeiro<\/h2>\t\t<\/div>\n\t\t\t\t<\/div>\n\t\t\t\t<div class=\"elementor-element elementor-element-488be86 elementor-widget elementor-widget-text-editor\" data-id=\"488be86\" data-element_type=\"widget\" data-widget_type=\"text-editor.default\">\n\t\t\t\t<div class=\"elementor-widget-container\">\n\t\t\t\t\t\t\t<p>Apresenta\u00e7\u00e3o do Projeto nas escolas 3.\u00ba Ciclo do Ensino B\u00e1sico ou Secund\u00e1rio \u2013 delegados e subdelegados de turma.<\/p><ol><li>Agrupamento de Escolas de Caxarias<\/li><li>Centro de Estudos de F\u00e1tima<\/li><li>Agrupamento de Escolas de Our\u00e9m<\/li><li>Col\u00e9gio Sagrado Cora\u00e7\u00e3o de Maria<\/li><li>Agrupamento de Escolas Conde de Our\u00e9m<\/li><li>Col\u00e9gio S\u00e3o Miguel<\/li><li>Insignare- Escola Profissional de Our\u00e9m e Escola de Hotelaria<\/li><\/ol>\t\t\t\t\t\t<\/div>\n\t\t\t\t<\/div>\n\t\t\t\t<div class=\"elementor-element elementor-element-9e50deb elementor-widget elementor-widget-image\" data-id=\"9e50deb\" data-element_type=\"widget\" data-widget_type=\"image.default\">\n\t\t\t\t<div class=\"elementor-widget-container\">\n\t\t\t<style>\/*! elementor - v3.17.0 - 08-11-2023 *\/\n.elementor-widget-image{text-align:center}.elementor-widget-image a{display:inline-block}.elementor-widget-image a img[src$=\".svg\"]{width:48px}.elementor-widget-image img{vertical-align:middle;display:inline-block}<\/style>\t\t\t\t\t\t\t\t\t\t\t\t<img fetchpriority=\"high\" decoding=\"async\" width=\"1140\" height=\"641\" src=\"https:\/\/integra-te.ourem.pt\/wp-content\/uploads\/2026\/01\/image001-1140x641.jpg\" class=\"attachment-futurio-single size-futurio-single wp-image-820\" alt=\"\" srcset=\"https:\/\/integra-te.ourem.pt\/wp-content\/uploads\/2026\/01\/image001-1140x641.jpg 1140w, https:\/\/integra-te.ourem.pt\/wp-content\/uploads\/2026\/01\/image001-720x405.jpg 720w\" sizes=\"(max-width: 1140px) 100vw, 1140px\" \/>\t\t\t\t\t\t\t\t\t\t\t\t\t\t\t<\/div>\n\t\t\t\t<\/div>\n\t\t\t\t<div class=\"elementor-element elementor-element-89b5bc1 elementor-widget elementor-widget-alert\" data-id=\"89b5bc1\" data-element_type=\"widget\" data-widget_type=\"alert.default\">\n\t\t\t\t<div class=\"elementor-widget-container\">\n\t\t\t<style>\/*! elementor - v3.17.0 - 08-11-2023 *\/\n.elementor-alert{padding:15px;border-left:5px solid transparent;position:relative;text-align:left}.elementor-alert .elementor-alert-title{display:block;font-weight:700}.elementor-alert .elementor-alert-description{font-size:13px}.elementor-alert button.elementor-alert-dismiss{position:absolute;right:var(--dismiss-icon-horizontal-position,10px);top:var(--dismiss-icon-vertical-position,10px);padding:3px;font-size:var(--dismiss-icon-size,20px);line-height:1;background:transparent;color:var(--dismiss-icon-normal-color,inherit);border:none;cursor:pointer;transition-duration:var(--dismiss-icon-hover-transition-duration,.3s)}.elementor-alert button.elementor-alert-dismiss:hover{color:var(--dismiss-icon-hover-color,inherit)}.elementor-alert button.elementor-alert-dismiss svg{width:var(--dismiss-icon-size,20px);height:var(--dismiss-icon-size,20px);fill:var(--dismiss-icon-normal-color,currentColor);transition-duration:var(--dismiss-icon-hover-transition-duration,.3s)}.elementor-alert button.elementor-alert-dismiss svg:hover{fill:var(--dismiss-icon-hover-color,currentColor)}.elementor-alert.elementor-alert-info{color:#31708f;background-color:#d9edf7;border-color:#bcdff1}.elementor-alert.elementor-alert-success{color:#3c763d;background-color:#dff0d8;border-color:#cae6be}.elementor-alert.elementor-alert-warning{color:#8a6d3b;background-color:#fcf8e3;border-color:#f9f0c3}.elementor-alert.elementor-alert-danger{color:#a94442;background-color:#f2dede;border-color:#e8c4c4}@media (max-width:767px){.elementor-alert{padding:10px}.elementor-alert button.elementor-alert-dismiss{right:7px;top:7px}}<\/style>\t\t<div class=\"elementor-alert elementor-alert-info\" role=\"alert\">\n\t\t\t<span class=\"elementor-alert-title\">NOTAS<\/span>\n\t\t\t\t\t\t\t<span class=\"elementor-alert-description\"><b>\u00c9 DA RESPONSABILIDADE DOS DIRE\u00c7\u00d5ES DAS ESCOLAS DEFINIR A MELHOR ESTRAT\u00c9GIA PARA A SELE\u00c7\u00c3O DA LISTA NA SUA ESCOLA:<\/b>\nRece\u00e7\u00e3o das candidaturas;<br>\nSele\u00e7\u00e3o da lista selecionada\/vencedora de acordo com os crit\u00e9rios definidos nas normas;<br>\nEnvio da lista vencedora\/selecionada ao Munic\u00edpio atrav\u00e9s da plataforma criada para o efeito. <\/span>\n\t\t\t\t\t\t\t\t\t\t<button type=\"button\" class=\"elementor-alert-dismiss\">\n\t\t\t\t\t\t\t\t\t\t\t<span aria-hidden=\"true\">&times;<\/span>\n\t\t\t\t\t\t\t\t\t\t<span class=\"elementor-screen-only\">Dismiss this alert.<\/span>\n\t\t\t\t<\/button>\n\t\t\t\t\t<\/div>\n\t\t\t\t<\/div>\n\t\t\t\t<\/div>\n\t\t\t\t<div class=\"elementor-element elementor-element-5910ba9 elementor-widget elementor-widget-spacer\" data-id=\"5910ba9\" data-element_type=\"widget\" data-widget_type=\"spacer.default\">\n\t\t\t\t<div class=\"elementor-widget-container\">\n\t\t\t\t\t<div class=\"elementor-spacer\">\n\t\t\t<div class=\"elementor-spacer-inner\"><\/div>\n\t\t<\/div>\n\t\t\t\t<\/div>\n\t\t\t\t<\/div>\n\t\t\t\t<div class=\"elementor-element elementor-element-eb6132f elementor-widget elementor-widget-heading\" data-id=\"eb6132f\" data-element_type=\"widget\" data-widget_type=\"heading.default\">\n\t\t\t\t<div class=\"elementor-widget-container\">\n\t\t\t<h2 class=\"elementor-heading-title elementor-size-default\">Mar\u00e7o<\/h2>\t\t<\/div>\n\t\t\t\t<\/div>\n\t\t\t\t<div class=\"elementor-element elementor-element-074e2a2 elementor-widget elementor-widget-text-editor\" data-id=\"074e2a2\" data-element_type=\"widget\" data-widget_type=\"text-editor.default\">\n\t\t\t\t<div class=\"elementor-widget-container\">\n\t\t\t\t\t\t\t<p>Tomada de posse das listas eleitas numa reuni\u00e3o p\u00fablica da C\u00e2mara Municipal.<\/p>\t\t\t\t\t\t<\/div>\n\t\t\t\t<\/div>\n\t\t\t\t<div class=\"elementor-element elementor-element-2ce6741 elementor-widget elementor-widget-image\" data-id=\"2ce6741\" data-element_type=\"widget\" data-widget_type=\"image.default\">\n\t\t\t\t<div class=\"elementor-widget-container\">\n\t\t\t\t\t\t\t\t\t\t\t\t\t\t\t<img decoding=\"async\" width=\"506\" height=\"397\" src=\"https:\/\/integra-te.ourem.pt\/wp-content\/uploads\/2026\/01\/image003.jpg\" class=\"attachment-futurio-med size-futurio-med wp-image-821\" alt=\"\" srcset=\"https:\/\/integra-te.ourem.pt\/wp-content\/uploads\/2026\/01\/image003.jpg 506w, https:\/\/integra-te.ourem.pt\/wp-content\/uploads\/2026\/01\/image003-300x235.jpg 300w\" sizes=\"(max-width: 506px) 100vw, 506px\" \/>\t\t\t\t\t\t\t\t\t\t\t\t\t\t\t<\/div>\n\t\t\t\t<\/div>\n\t\t\t\t<div class=\"elementor-element elementor-element-5936419 elementor-widget elementor-widget-spacer\" data-id=\"5936419\" data-element_type=\"widget\" data-widget_type=\"spacer.default\">\n\t\t\t\t<div class=\"elementor-widget-container\">\n\t\t\t\t\t<div class=\"elementor-spacer\">\n\t\t\t<div class=\"elementor-spacer-inner\"><\/div>\n\t\t<\/div>\n\t\t\t\t<\/div>\n\t\t\t\t<\/div>\n\t\t\t\t<div class=\"elementor-element elementor-element-f04d44a elementor-widget elementor-widget-heading\" data-id=\"f04d44a\" data-element_type=\"widget\" data-widget_type=\"heading.default\">\n\t\t\t\t<div class=\"elementor-widget-container\">\n\t\t\t<h2 class=\"elementor-heading-title elementor-size-default\">Abril<\/h2>\t\t<\/div>\n\t\t\t\t<\/div>\n\t\t\t\t<div class=\"elementor-element elementor-element-11c3609 elementor-widget elementor-widget-image-box\" data-id=\"11c3609\" data-element_type=\"widget\" data-widget_type=\"image-box.default\">\n\t\t\t\t<div class=\"elementor-widget-container\">\n\t\t\t<style>\/*! elementor - v3.17.0 - 08-11-2023 *\/\n.elementor-widget-image-box .elementor-image-box-content{width:100%}@media (min-width:768px){.elementor-widget-image-box.elementor-position-left .elementor-image-box-wrapper,.elementor-widget-image-box.elementor-position-right .elementor-image-box-wrapper{display:flex}.elementor-widget-image-box.elementor-position-right .elementor-image-box-wrapper{text-align:right;flex-direction:row-reverse}.elementor-widget-image-box.elementor-position-left .elementor-image-box-wrapper{text-align:left;flex-direction:row}.elementor-widget-image-box.elementor-position-top .elementor-image-box-img{margin:auto}.elementor-widget-image-box.elementor-vertical-align-top .elementor-image-box-wrapper{align-items:flex-start}.elementor-widget-image-box.elementor-vertical-align-middle .elementor-image-box-wrapper{align-items:center}.elementor-widget-image-box.elementor-vertical-align-bottom .elementor-image-box-wrapper{align-items:flex-end}}@media (max-width:767px){.elementor-widget-image-box .elementor-image-box-img{margin-left:auto!important;margin-right:auto!important;margin-bottom:15px}}.elementor-widget-image-box .elementor-image-box-img{display:inline-block}.elementor-widget-image-box .elementor-image-box-title a{color:inherit}.elementor-widget-image-box .elementor-image-box-wrapper{text-align:center}.elementor-widget-image-box .elementor-image-box-description{margin:0}<\/style><div class=\"elementor-image-box-wrapper\"><div class=\"elementor-image-box-content\"><p class=\"elementor-image-box-description\">Apresenta\u00e7\u00e3o p\u00fablica em reuni\u00e3o do Concelho Municipal da Juventude, sucedida de debate, com a participa\u00e7\u00e3o de todas as listas candidatas e presen\u00e7a da comunica\u00e7\u00e3o social.<\/p><\/div><\/div>\t\t<\/div>\n\t\t\t\t<\/div>\n\t\t\t\t<div class=\"elementor-element elementor-element-cc4d73b elementor-widget elementor-widget-image\" data-id=\"cc4d73b\" data-element_type=\"widget\" data-widget_type=\"image.default\">\n\t\t\t\t<div class=\"elementor-widget-container\">\n\t\t\t\t\t\t\t\t\t\t\t\t\t\t\t<img decoding=\"async\" width=\"720\" height=\"405\" src=\"https:\/\/integra-te.ourem.pt\/wp-content\/uploads\/2026\/01\/image006-720x405.jpg\" class=\"attachment-futurio-med size-futurio-med wp-image-822\" alt=\"\" \/>\t\t\t\t\t\t\t\t\t\t\t\t\t\t\t<\/div>\n\t\t\t\t<\/div>\n\t\t\t\t<div class=\"elementor-element elementor-element-b9b4069 elementor-widget elementor-widget-spacer\" data-id=\"b9b4069\" data-element_type=\"widget\" data-widget_type=\"spacer.default\">\n\t\t\t\t<div class=\"elementor-widget-container\">\n\t\t\t\t\t<div class=\"elementor-spacer\">\n\t\t\t<div class=\"elementor-spacer-inner\"><\/div>\n\t\t<\/div>\n\t\t\t\t<\/div>\n\t\t\t\t<\/div>\n\t\t\t\t<div class=\"elementor-element elementor-element-ab7b079 elementor-widget elementor-widget-heading\" data-id=\"ab7b079\" data-element_type=\"widget\" data-widget_type=\"heading.default\">\n\t\t\t\t<div class=\"elementor-widget-container\">\n\t\t\t<h2 class=\"elementor-heading-title elementor-size-default\">Maio<\/h2>\t\t<\/div>\n\t\t\t\t<\/div>\n\t\t\t\t<div class=\"elementor-element elementor-element-a06ac52 elementor-widget elementor-widget-text-editor\" data-id=\"a06ac52\" data-element_type=\"widget\" data-widget_type=\"text-editor.default\">\n\t\t\t\t<div class=\"elementor-widget-container\">\n\t\t\t\t\t\t\t<ul><li>Acompanhamento do executivo municipal pelos executivos jovens durante um dia;<\/li><li>Os jovens eleitos a presidentes usufruir\u00e3o de um dia com o Presidente do Munic\u00edpio de Our\u00e9m, onde acompanhar\u00e3o, ao longo do seu dia. Ex. Reuni\u00f5es de trabalho, tomadas de decis\u00e3o, acompanhamento a visitas no Concelho, entre outros;<\/li><li>Os jovens eleitos a Vereadores acompanhar\u00e3o o vereador do pelouro que lhe est\u00e1 afeto, de acordo com a afeta\u00e7\u00e3o dos pelouros, que inicialmente foram definidos em lista, na distribui\u00e7\u00e3o dos pelouros. Ex. Reuni\u00f5es de trabalho, tomadas de decis\u00e3o, acompanhamento a visitas.<\/li><li>De forma a premiar o empenho na apresenta\u00e7\u00e3o de propostas para as melhores decis\u00f5es do Concelho, os jovens participantes do programa ir\u00e3o ter acesso a um passaporte que ser\u00e1 carimbado pelos diversos setores ou servi\u00e7os do Munic\u00edpio, onde o jovem tenha percorrido.<\/li><\/ul>\t\t\t\t\t\t<\/div>\n\t\t\t\t<\/div>\n\t\t\t\t<div class=\"elementor-element elementor-element-9630db9 elementor-widget elementor-widget-image\" data-id=\"9630db9\" data-element_type=\"widget\" data-widget_type=\"image.default\">\n\t\t\t\t<div class=\"elementor-widget-container\">\n\t\t\t\t\t\t\t\t\t\t\t\t\t\t\t<img loading=\"lazy\" decoding=\"async\" width=\"720\" height=\"405\" src=\"https:\/\/integra-te.ourem.pt\/wp-content\/uploads\/2026\/01\/image005-720x405.jpg\" class=\"attachment-futurio-med size-futurio-med wp-image-823\" alt=\"\" srcset=\"https:\/\/integra-te.ourem.pt\/wp-content\/uploads\/2026\/01\/image005-720x405.jpg 720w, https:\/\/integra-te.ourem.pt\/wp-content\/uploads\/2026\/01\/image005-1140x641.jpg 1140w\" sizes=\"(max-width: 720px) 100vw, 720px\" \/>\t\t\t\t\t\t\t\t\t\t\t\t\t\t\t<\/div>\n\t\t\t\t<\/div>\n\t\t\t\t<div class=\"elementor-element elementor-element-4fdc649 elementor-widget elementor-widget-spacer\" data-id=\"4fdc649\" data-element_type=\"widget\" data-widget_type=\"spacer.default\">\n\t\t\t\t<div class=\"elementor-widget-container\">\n\t\t\t\t\t<div class=\"elementor-spacer\">\n\t\t\t<div class=\"elementor-spacer-inner\"><\/div>\n\t\t<\/div>\n\t\t\t\t<\/div>\n\t\t\t\t<\/div>\n\t\t\t\t<div class=\"elementor-element elementor-element-2ea59a5 elementor-widget elementor-widget-heading\" data-id=\"2ea59a5\" data-element_type=\"widget\" data-widget_type=\"heading.default\">\n\t\t\t\t<div class=\"elementor-widget-container\">\n\t\t\t<h2 class=\"elementor-heading-title elementor-size-default\">Junho<\/h2>\t\t<\/div>\n\t\t\t\t<\/div>\n\t\t\t\t<div class=\"elementor-element elementor-element-4e05db7 elementor-widget elementor-widget-text-editor\" data-id=\"4e05db7\" data-element_type=\"widget\" data-widget_type=\"text-editor.default\">\n\t\t\t\t<div class=\"elementor-widget-container\">\n\t\t\t\t\t\t\t<ul><li>Divulga\u00e7\u00e3o nas redes sociais as propostas apresentadas pelas listas de jovens participantes no programa \u201cIntegra-te \u2013 Jovens Autarcas\u201d;<\/li><li>Este passaporte permitir\u00e1 os jovens ter acesso gratuito: \u00e0 FeiraOur\u00e9m inclusive aos concertos, no ano do seu mandato e duas entradas gratuitas no TMO-Teatro Municipal de Our\u00e9m (sujeito \u00e0s regras definidas pelo Teatro).<\/li><li>Aos jovens que participarem neste programa, o Munic\u00edpio atribuir\u00e1 um diploma de reconhecimento de participa\u00e7\u00e3o.<\/li><li>Durante a vig\u00eancia do seu mandato, os membros das listas ter\u00e3o direito a participar no Conselho Municipal de Juventude de Our\u00e9m, na qualidade de observadores permanentes.<\/li><\/ul>\t\t\t\t\t\t<\/div>\n\t\t\t\t<\/div>\n\t\t\t\t<div class=\"elementor-element elementor-element-29e7dba elementor-widget elementor-widget-spacer\" data-id=\"29e7dba\" data-element_type=\"widget\" data-widget_type=\"spacer.default\">\n\t\t\t\t<div class=\"elementor-widget-container\">\n\t\t\t\t\t<div class=\"elementor-spacer\">\n\t\t\t<div class=\"elementor-spacer-inner\"><\/div>\n\t\t<\/div>\n\t\t\t\t<\/div>\n\t\t\t\t<\/div>\n\t\t\t\t\t<\/div>\n\t\t\t\t<\/div>\n\t\t\t\t\t\t\t<\/div>\n\t\t","protected":false},"excerpt":{"rendered":"<p>Outubro Apresenta\u00e7\u00e3o aos Senhores Diretores Escolares Janeiro Apresenta\u00e7\u00e3o do Projeto nas escolas 3.\u00ba Ciclo do Ensino B\u00e1sico ou Secund\u00e1rio \u2013 delegados e subdelegados de turma. Agrupamento de Escolas de Caxarias Centro de Estudos de F\u00e1tima Agrupamento de Escolas de Our\u00e9m Col\u00e9gio Sagrado Cora\u00e7\u00e3o de Maria Agrupamento de Escolas Conde de Our\u00e9m Col\u00e9gio S\u00e3o Miguel Insignare-&hellip;<\/p>\n","protected":false},"author":1,"featured_media":572,"parent":0,"menu_order":0,"comment_status":"closed","ping_status":"closed","template":"","meta":{"om_disable_all_campaigns":false,"_monsterinsights_skip_tracking":false,"_monsterinsights_sitenote_active":false,"_monsterinsights_sitenote_note":"","_monsterinsights_sitenote_category":0,"_uf_show_specific_survey":0,"_uf_disable_surveys":false,"footnotes":""},"class_list":["post-319","page","type-page","status-publish","has-post-thumbnail","hentry"],"aioseo_notices":[],"_links":{"self":[{"href":"https:\/\/integra-te.ourem.pt\/index.php?rest_route=\/wp\/v2\/pages\/319","targetHints":{"allow":["GET"]}}],"collection":[{"href":"https:\/\/integra-te.ourem.pt\/index.php?rest_route=\/wp\/v2\/pages"}],"about":[{"href":"https:\/\/integra-te.ourem.pt\/index.php?rest_route=\/wp\/v2\/types\/page"}],"author":[{"embeddable":true,"href":"https:\/\/integra-te.ourem.pt\/index.php?rest_route=\/wp\/v2\/users\/1"}],"replies":[{"embeddable":true,"href":"https:\/\/integra-te.ourem.pt\/index.php?rest_route=%2Fwp%2Fv2%2Fcomments&post=319"}],"version-history":[{"count":8,"href":"https:\/\/integra-te.ourem.pt\/index.php?rest_route=\/wp\/v2\/pages\/319\/revisions"}],"predecessor-version":[{"id":826,"href":"https:\/\/integra-te.ourem.pt\/index.php?rest_route=\/wp\/v2\/pages\/319\/revisions\/826"}],"wp:featuredmedia":[{"embeddable":true,"href":"https:\/\/integra-te.ourem.pt\/index.php?rest_route=\/wp\/v2\/media\/572"}],"wp:attachment":[{"href":"https:\/\/integra-te.ourem.pt\/index.php?rest_route=%2Fwp%2Fv2%2Fmedia&parent=319"}],"curies":[{"name":"wp","href":"https:\/\/api.w.org\/{rel}","templated":true}]}}