{"id":491,"date":"2023-11-21T13:55:47","date_gmt":"2023-11-21T13:55:47","guid":{"rendered":"http:\/\/integra-te.ourem.pt\/?page_id=491"},"modified":"2026-01-23T12:49:46","modified_gmt":"2026-01-23T12:49:46","slug":"submissao-de-propostas","status":"publish","type":"page","link":"https:\/\/integra-te.ourem.pt\/?page_id=491","title":{"rendered":"Submiss\u00e3o de Propostas"},"content":{"rendered":"\t\t<div data-elementor-type=\"wp-page\" data-elementor-id=\"491\" class=\"elementor elementor-491\">\n\t\t\t\t\t\t\t<div class=\"elementor-element elementor-element-35c6d35 e-flex e-con-boxed e-con e-parent\" data-id=\"35c6d35\" data-element_type=\"container\" data-settings=\"{&quot;content_width&quot;:&quot;boxed&quot;}\" data-core-v316-plus=\"true\">\n\t\t\t\t\t<div class=\"e-con-inner\">\n\t\t\t\t<div class=\"elementor-element elementor-element-336ad75 elementor-widget elementor-widget-writing-effect-headline\" data-id=\"336ad75\" data-element_type=\"widget\" data-widget_type=\"writing-effect-headline.default\">\n\t\t\t\t<div class=\"elementor-widget-container\">\n\t\t\t        <h2 class=\"futurio-extra-written-headline\" data-speed=\"50\" data-delay=\"1000\" data-loop=\"1\">\r\n                    <span class=\"before-written\">ALUNOS - <\/span>\r\n        \r\n                    <span class=\"written-lines\">REQUERIMENTOS PARA APRESENTA\u00c7\u00c3O DAS LISTAS AOS DIRETORES DE TURMA<\/span>\r\n        \r\n                <\/h2>\r\n        \t\t<\/div>\n\t\t\t\t<\/div>\n\t\t\t\t<div class=\"elementor-element elementor-element-0e65a72 elementor-widget elementor-widget-image\" data-id=\"0e65a72\" data-element_type=\"widget\" data-widget_type=\"image.default\">\n\t\t\t\t<div class=\"elementor-widget-container\">\n\t\t\t<style>\/*! elementor - v3.17.0 - 08-11-2023 *\/\n.elementor-widget-image{text-align:center}.elementor-widget-image a{display:inline-block}.elementor-widget-image a img[src$=\".svg\"]{width:48px}.elementor-widget-image img{vertical-align:middle;display:inline-block}<\/style>\t\t\t\t\t\t\t\t\t\t\t\t<img decoding=\"async\" width=\"150\" height=\"150\" src=\"https:\/\/integra-te.ourem.pt\/wp-content\/uploads\/2023\/11\/istockphoto-1303877287-612x612-1-150x150.jpg\" class=\"attachment-thumbnail size-thumbnail wp-image-585\" alt=\"\" srcset=\"https:\/\/integra-te.ourem.pt\/wp-content\/uploads\/2023\/11\/istockphoto-1303877287-612x612-1-150x150.jpg 150w, https:\/\/integra-te.ourem.pt\/wp-content\/uploads\/2023\/11\/istockphoto-1303877287-612x612-1-300x300.jpg 300w, https:\/\/integra-te.ourem.pt\/wp-content\/uploads\/2023\/11\/istockphoto-1303877287-612x612-1.jpg 612w\" sizes=\"(max-width: 150px) 100vw, 150px\" \/>\t\t\t\t\t\t\t\t\t\t\t\t\t\t\t<\/div>\n\t\t\t\t<\/div>\n\t\t\t\t<div class=\"elementor-element elementor-element-6f860c7 elementor-icon-list--layout-traditional elementor-list-item-link-full_width elementor-widget elementor-widget-icon-list\" data-id=\"6f860c7\" data-element_type=\"widget\" data-widget_type=\"icon-list.default\">\n\t\t\t\t<div class=\"elementor-widget-container\">\n\t\t\t<link rel=\"stylesheet\" href=\"https:\/\/integra-te.ourem.pt\/wp-content\/plugins\/elementor\/assets\/css\/widget-icon-list.min.css\">\t\t<ul class=\"elementor-icon-list-items\">\n\t\t\t\t\t\t\t<li class=\"elementor-icon-list-item\">\n\t\t\t\t\t\t\t\t\t\t\t<a href=\"https:\/\/associativismo.cm-ourem.pt\/frontend\/web\/listas\" target=\"_blank\">\n\n\t\t\t\t\t\t\t\t\t\t\t\t<span class=\"elementor-icon-list-icon\">\n\t\t\t\t\t\t\t<i aria-hidden=\"true\" class=\"far fa-dot-circle\"><\/i>\t\t\t\t\t\t<\/span>\n\t\t\t\t\t\t\t\t\t\t<span class=\"elementor-icon-list-text\">Gerar documento com a identifica\u00e7\u00e3o da lista e propostas<\/span>\n\t\t\t\t\t\t\t\t\t\t\t<\/a>\n\t\t\t\t\t\t\t\t\t<\/li>\n\t\t\t\t\t\t\t\t<li class=\"elementor-icon-list-item\">\n\t\t\t\t\t\t\t\t\t\t\t<a href=\"\/\/integra-te.ourem.pt\/wp-content\/uploads\/2023\/11\/apoiantes.docx\" target=\"_blank\">\n\n\t\t\t\t\t\t\t\t\t\t\t\t<span class=\"elementor-icon-list-icon\">\n\t\t\t\t\t\t\t<i aria-hidden=\"true\" class=\"far fa-dot-circle\"><\/i>\t\t\t\t\t\t<\/span>\n\t\t\t\t\t\t\t\t\t\t<span class=\"elementor-icon-list-text\">Formul\u00e1rio de apoiantes\/alunos da lista com pelo menos 30 assinaturas<\/span>\n\t\t\t\t\t\t\t\t\t\t\t<\/a>\n\t\t\t\t\t\t\t\t\t<\/li>\n\t\t\t\t\t\t\t\t<li class=\"elementor-icon-list-item\">\n\t\t\t\t\t\t\t\t\t\t\t<a href=\"\/\/integra-te.ourem.pt\/wp-content\/uploads\/2023\/11\/autorizacao_encarregado.pdf\" target=\"_blank\">\n\n\t\t\t\t\t\t\t\t\t\t\t\t<span class=\"elementor-icon-list-icon\">\n\t\t\t\t\t\t\t<i aria-hidden=\"true\" class=\"far fa-dot-circle\"><\/i>\t\t\t\t\t\t<\/span>\n\t\t\t\t\t\t\t\t\t\t<span class=\"elementor-icon-list-text\">Autoriza\u00e7\u00e3o do Encarregado de Educa\u00e7\u00e3o\/Detentor do poder paternal<\/span>\n\t\t\t\t\t\t\t\t\t\t\t<\/a>\n\t\t\t\t\t\t\t\t\t<\/li>\n\t\t\t\t\t\t<\/ul>\n\t\t\t\t<\/div>\n\t\t\t\t<\/div>\n\t\t\t\t<div class=\"elementor-element elementor-element-8856003 elementor-widget elementor-widget-spacer\" data-id=\"8856003\" data-element_type=\"widget\" data-widget_type=\"spacer.default\">\n\t\t\t\t<div class=\"elementor-widget-container\">\n\t\t\t<style>\/*! elementor - v3.17.0 - 08-11-2023 *\/\n.elementor-column .elementor-spacer-inner{height:var(--spacer-size)}.e-con{--container-widget-width:100%}.e-con-inner>.elementor-widget-spacer,.e-con>.elementor-widget-spacer{width:var(--container-widget-width,var(--spacer-size));--align-self:var(--container-widget-align-self,initial);--flex-shrink:0}.e-con-inner>.elementor-widget-spacer>.elementor-widget-container,.e-con>.elementor-widget-spacer>.elementor-widget-container{height:100%;width:100%}.e-con-inner>.elementor-widget-spacer>.elementor-widget-container>.elementor-spacer,.e-con>.elementor-widget-spacer>.elementor-widget-container>.elementor-spacer{height:100%}.e-con-inner>.elementor-widget-spacer>.elementor-widget-container>.elementor-spacer>.elementor-spacer-inner,.e-con>.elementor-widget-spacer>.elementor-widget-container>.elementor-spacer>.elementor-spacer-inner{height:var(--container-widget-height,var(--spacer-size))}.e-con-inner>.elementor-widget-spacer.elementor-widget-empty,.e-con>.elementor-widget-spacer.elementor-widget-empty{position:relative;min-height:22px;min-width:22px}.e-con-inner>.elementor-widget-spacer.elementor-widget-empty .elementor-widget-empty-icon,.e-con>.elementor-widget-spacer.elementor-widget-empty .elementor-widget-empty-icon{position:absolute;top:0;bottom:0;left:0;right:0;margin:auto;padding:0;width:22px;height:22px}<\/style>\t\t<div class=\"elementor-spacer\">\n\t\t\t<div class=\"elementor-spacer-inner\"><\/div>\n\t\t<\/div>\n\t\t\t\t<\/div>\n\t\t\t\t<\/div>\n\t\t\t\t<div class=\"elementor-element elementor-element-1bc8272 elementor-widget elementor-widget-writing-effect-headline\" data-id=\"1bc8272\" data-element_type=\"widget\" data-widget_type=\"writing-effect-headline.default\">\n\t\t\t\t<div class=\"elementor-widget-container\">\n\t\t\t        <h2 class=\"futurio-extra-written-headline\" data-speed=\"50\" data-delay=\"1000\" data-loop=\"1\">\r\n                    <span class=\"before-written\">ESTABELECIMENTOS DE ENSINO - <\/span>\r\n        \r\n                    <span class=\"written-lines\">SUBMISS\u00c3O DE CANDIDATURA AO MUNIC\u00cdPIO<\/span>\r\n        \r\n                <\/h2>\r\n        \t\t<\/div>\n\t\t\t\t<\/div>\n\t\t\t\t<div class=\"elementor-element elementor-element-a5318ed elementor-hidden-desktop elementor-hidden-tablet elementor-hidden-mobile elementor-widget elementor-widget-wp-widget-vfb_widget\" data-id=\"a5318ed\" data-element_type=\"widget\" data-widget_type=\"wp-widget-vfb_widget.default\">\n\t\t\t\t<div class=\"elementor-widget-container\">\n\t\t\t<div id=\"vfb-form-1\" class=\"visual-form-builder-container\"><form id=\"submissao-de-propostas-1\" class=\"visual-form-builder vfb-form-1  left-label\" method=\"post\" enctype=\"multipart\/form-data\">\n\t  \t<input type=\"hidden\" name=\"form_id\" value=\"1\" \/><fieldset class=\"vfb-fieldset vfb-fieldset-1 identificacao  fieldset_submissao\" id=\"item-vfb-1\"><div class=\"vfb-legend\"><h3>Identifica\u00e7\u00e3o<\/h3><\/div><ul class=\"vfb-section vfb-section-1\"><li class=\"vfb-item vfb-item-text   vfb-right-half\" id=\"item-vfb-6\"><label for=\"vfb-6\" class=\"vfb-desc\">Professor respons\u00e1vel  <span class=\"vfb-required-asterisk\">*<\/span><\/label><input type=\"text\" name=\"vfb-6\" id=\"vfb-6\" value=\"\" class=\"vfb-text  vfb-medium  required  \" \/><\/li><li class=\"vfb-item vfb-item-text   vfb-right-half\" id=\"item-vfb-23\"><label for=\"vfb-23\" class=\"vfb-desc\">Telefone  <span class=\"vfb-required-asterisk\">*<\/span><\/label><input type=\"text\" name=\"vfb-23\" id=\"vfb-23\" value=\"\" class=\"vfb-text  vfb-medium  required  \" \/><\/li><li class=\"vfb-item vfb-item-email  \" id=\"item-vfb-9\"><label for=\"vfb-9\" class=\"vfb-desc\">Email  <span class=\"vfb-required-asterisk\">*<\/span><\/label><input type=\"email\" name=\"vfb-9\" id=\"vfb-9\" value=\"\" class=\"vfb-text  vfb-medium  required  email \" \/><\/li><li class=\"vfb-item vfb-item-text  \" id=\"item-vfb-10\"><label for=\"vfb-10\" class=\"vfb-desc\">Designa\u00e7\u00e3o da Equipa  <span class=\"vfb-required-asterisk\">*<\/span><\/label><input type=\"text\" name=\"vfb-10\" id=\"vfb-10\" value=\"\" class=\"vfb-text  vfb-medium  required  \" \/><\/li><li class=\"vfb-item vfb-item-text  \" id=\"item-vfb-11\"><label for=\"vfb-11\" class=\"vfb-desc\">Escola  <span class=\"vfb-required-asterisk\">*<\/span><\/label><input type=\"text\" name=\"vfb-11\" id=\"vfb-11\" value=\"\" class=\"vfb-text  vfb-medium  required  \" \/><\/li><\/ul>&nbsp;<\/fieldset><fieldset class=\"vfb-fieldset vfb-fieldset-2 documentos  fieldset_submissao\" id=\"item-vfb-15\"><div class=\"vfb-legend\"><h3>Documentos<\/h3><\/div><ul class=\"vfb-section vfb-section-2\"><li class=\"vfb-item vfb-item-file-upload  \" id=\"item-vfb-87\"><label for=\"vfb-87\" class=\"vfb-desc\">Apresenta\u00e7\u00e3o da candidatura  <span class=\"vfb-required-asterisk\">*<\/span><\/label><input type=\"file\" name=\"vfb-87\" id=\"vfb-87\" value=\"\" class=\"vfb-text  vfb-medium  required    {accept:'png|jpe?g|gif|pdf|zip'}\" \/><\/li><li class=\"vfb-item vfb-item-file-upload  \" id=\"item-vfb-88\"><label for=\"vfb-88\" class=\"vfb-desc\">Formul\u00e1rio de apoiantes\/alunos da lista com pelo menos 30 assinaturas  <span class=\"vfb-required-asterisk\">*<\/span><\/label><input type=\"file\" name=\"vfb-88\" id=\"vfb-88\" value=\"\" class=\"vfb-text  vfb-medium  required    {accept:'png|jpe?g|gif|pdf|zip'}\" \/><\/li><li class=\"vfb-item vfb-item-file-upload  \" id=\"item-vfb-89\"><label for=\"vfb-89\" class=\"vfb-desc\">Autoriza\u00e7\u00e3o dos Encarregados de Educa\u00e7\u00e3o\/Detentor do poder paternal, dos candidatos  <span class=\"vfb-required-asterisk\">*<\/span><\/label><input type=\"file\" name=\"vfb-89\" id=\"vfb-89\" value=\"\" class=\"vfb-text  vfb-medium  required    {accept:'png|jpe?g|gif|pdf|zip'}\" \/><\/li><li class=\"vfb-item vfb-item-file-upload  \" id=\"item-vfb-100\"><label for=\"vfb-100\" class=\"vfb-desc\">Fotografia do Presidente  <span class=\"vfb-required-asterisk\">*<\/span><\/label><input type=\"file\" name=\"vfb-100\" id=\"vfb-100\" value=\"\" class=\"vfb-text  vfb-medium  required    {accept:'png|jpe?g|gif|pdf'}\" \/><\/li><li class=\"vfb-item vfb-item-file-upload  \" id=\"item-vfb-101\"><label for=\"vfb-101\" class=\"vfb-desc\">Fotografia do Vereador 1  <span class=\"vfb-required-asterisk\">*<\/span><\/label><input type=\"file\" name=\"vfb-101\" id=\"vfb-101\" value=\"\" class=\"vfb-text  vfb-medium  required    {accept:'png|jpe?g|gif|pdf'}\" \/><\/li><li class=\"vfb-item vfb-item-file-upload  \" id=\"item-vfb-99\"><label for=\"vfb-99\" class=\"vfb-desc\">Fotografia do Vereador 2  <span class=\"vfb-required-asterisk\">*<\/span><\/label><input type=\"file\" name=\"vfb-99\" id=\"vfb-99\" value=\"\" class=\"vfb-text  vfb-medium  required    {accept:'png|jpe?g|gif|pdf'}\" \/><\/li><li class=\"vfb-item vfb-item-file-upload  \" id=\"item-vfb-102\"><label for=\"vfb-102\" class=\"vfb-desc\">Fotografia do Vereador 3  <span class=\"vfb-required-asterisk\">*<\/span><\/label><input type=\"file\" name=\"vfb-102\" id=\"vfb-102\" value=\"\" class=\"vfb-text  vfb-medium  required    {accept:'png|jpe?g|gif|pdf'}\" \/><\/li><\/ul>&nbsp;<\/fieldset><fieldset class=\"vfb-fieldset vfb-fieldset-3 verificacao  fieldset_submissao\" id=\"item-vfb-96\" style=\"display:block\"><div class=\"vfb-legend\"><h3>Verifica\u00e7\u00e3o<\/h3><\/div><ul class=\"vfb-section vfb-section-3\"><li class=\"vfb-item vfb-item-secret\"  style=\"display:block\"><label for=\"vfb-97\" class=\"vfb-desc\">Intique dois d\u00edgitos <span class=\"vfb-required-asterisk\">*<\/span><\/label><input type=\"hidden\" name=\"_vfb-secret\" value=\"vfb-97\" \/><span class=\"vfb-span\"><input type=\"text\" name=\"vfb-97\" id=\"vfb-97\" value=\"\" class=\"vfb-text  vfb-medium  required {digits:true,maxlength:2,minlength:2} \" style=\"display:block\" \/><label>Exemplo: 12<\/label><\/span><li style=\"display:none;\"><label>This box is for spam protection - &lt;strong&gt;please leave it blank&lt;\/strong&gt;:<\/label><div><input name=\"vfb-spam\" \/><\/div><\/li>\n\t\t\t<li class=\"vfb-item vfb-item-submit\" id=\"item-vfb-98\">\n\t\t\t\t<input type=\"submit\" name=\"vfb-submit\" id=\"vfb-98\" value=\"Submeter\" class=\"vfb-submit \" \/>\n\t\t\t\t<\/li><\/ul>\n\t\t\t<\/fieldset><input type=\"hidden\" name=\"_wp_http_referer\" value=\"\/index.php?rest_route=%2Fwp%2Fv2%2Fpages%2F491\" \/><\/form><\/div> <!-- .visual-form-builder-container -->\t\t<\/div>\n\t\t\t\t<\/div>\n\t\t\t\t<div class=\"elementor-element elementor-element-cad09e1 elementor-widget elementor-widget-html\" data-id=\"cad09e1\" data-element_type=\"widget\" data-widget_type=\"html.default\">\n\t\t\t\t<div class=\"elementor-widget-container\">\n\t\t\t<iframe\r\n  src=\"https:\/\/associativismo.cm-ourem.pt\/frontend\/web\/integrate-submeter\"\r\n  sandbox=\"allow-scripts allow-forms allow-same-origin allow-top-navigation-by-user-activation\"\r\n  height=\"1000px\"\r\n  style=\"width:100%;border:0;\">\r\n<\/iframe>\r\n\t\t<\/div>\n\t\t\t\t<\/div>\n\t\t\t\t\t<\/div>\n\t\t\t\t<\/div>\n\t\t\t\t\t\t\t<\/div>\n\t\t","protected":false},"excerpt":{"rendered":"<p>ALUNOS &#8211; REQUERIMENTOS PARA APRESENTA\u00c7\u00c3O DAS LISTAS AOS DIRETORES DE TURMA Gerar documento com a identifica\u00e7\u00e3o da lista e propostas Formul\u00e1rio de apoiantes\/alunos da lista com pelo menos 30 assinaturas Autoriza\u00e7\u00e3o do Encarregado de Educa\u00e7\u00e3o\/Detentor do poder paternal ESTABELECIMENTOS DE ENSINO &#8211; SUBMISS\u00c3O DE CANDIDATURA AO MUNIC\u00cdPIO<\/p>\n","protected":false},"author":1,"featured_media":567,"parent":0,"menu_order":0,"comment_status":"closed","ping_status":"closed","template":"","meta":{"om_disable_all_campaigns":false,"_monsterinsights_skip_tracking":false,"_monsterinsights_sitenote_active":false,"_monsterinsights_sitenote_note":"","_monsterinsights_sitenote_category":0,"_uf_show_specific_survey":0,"_uf_disable_surveys":false,"footnotes":""},"class_list":["post-491","page","type-page","status-publish","has-post-thumbnail","hentry"],"aioseo_notices":[],"_links":{"self":[{"href":"https:\/\/integra-te.ourem.pt\/index.php?rest_route=\/wp\/v2\/pages\/491","targetHints":{"allow":["GET"]}}],"collection":[{"href":"https:\/\/integra-te.ourem.pt\/index.php?rest_route=\/wp\/v2\/pages"}],"about":[{"href":"https:\/\/integra-te.ourem.pt\/index.php?rest_route=\/wp\/v2\/types\/page"}],"author":[{"embeddable":true,"href":"https:\/\/integra-te.ourem.pt\/index.php?rest_route=\/wp\/v2\/users\/1"}],"replies":[{"embeddable":true,"href":"https:\/\/integra-te.ourem.pt\/index.php?rest_route=%2Fwp%2Fv2%2Fcomments&post=491"}],"version-history":[{"count":77,"href":"https:\/\/integra-te.ourem.pt\/index.php?rest_route=\/wp\/v2\/pages\/491\/revisions"}],"predecessor-version":[{"id":880,"href":"https:\/\/integra-te.ourem.pt\/index.php?rest_route=\/wp\/v2\/pages\/491\/revisions\/880"}],"wp:featuredmedia":[{"embeddable":true,"href":"https:\/\/integra-te.ourem.pt\/index.php?rest_route=\/wp\/v2\/media\/567"}],"wp:attachment":[{"href":"https:\/\/integra-te.ourem.pt\/index.php?rest_route=%2Fwp%2Fv2%2Fmedia&parent=491"}],"curies":[{"name":"wp","href":"https:\/\/api.w.org\/{rel}","templated":true}]}}